{"id":1778,"date":"2021-04-22T13:57:00","date_gmt":"2021-04-22T11:57:00","guid":{"rendered":"https:\/\/www.lamadonnina.com\/mini-suites\/"},"modified":"2023-10-20T08:26:25","modified_gmt":"2023-10-20T06:26:25","slug":"mini-suites","status":"publish","type":"page","link":"https:\/\/www.lamadonnina.com\/en\/mini-suites\/","title":{"rendered":"Mini suites"},"content":{"rendered":"<p>[et_pb_section fb_built=&#8221;1&#8243; custom_padding_last_edited=&#8221;on|tablet&#8221; module_id=&#8221;back8&#8243; module_class=&#8221;back8&#8243; _builder_version=&#8221;4.16&#8243; _module_preset=&#8221;default&#8221; background_color=&#8221;#4D4E5E&#8221; background_enable_image=&#8221;off&#8221; custom_padding=&#8221;0px||0px||true|false&#8221; custom_padding_tablet=&#8221;0px||||false|false&#8221; custom_padding_phone=&#8221;&#8221; background_color_tablet=&#8221;#3b3c49&#8243; background_last_edited=&#8221;on|desktop&#8221; background_enable_color_tablet=&#8221;on&#8221; global_colors_info=&#8221;{}&#8221; custom_padding__hover_enabled=&#8221;off|desktop&#8221;][et_pb_row column_structure=&#8221;2_5,3_5&#8243; use_custom_gutter=&#8221;on&#8221; gutter_width=&#8221;1&#8243; make_equal=&#8221;on&#8221; disabled_on=&#8221;off|off|off&#8221; module_id=&#8221;back9&#8243; module_class=&#8221;back9&#8243; _builder_version=&#8221;4.16&#8243; _module_preset=&#8221;default&#8221; width=&#8221;100%&#8221; max_width=&#8221;2560px&#8221; custom_padding=&#8221;50px||50px||true|false&#8221; global_colors_info=&#8221;{}&#8221;][et_pb_column type=&#8221;2_5&#8243; _builder_version=&#8221;4.16&#8243; _module_preset=&#8221;default&#8221; background_enable_color=&#8221;off&#8221; background_color_gradient_direction=&#8221;90deg&#8221; background_enable_image=&#8221;off&#8221; custom_padding=&#8221;50px|35px|50px|35px|true|true&#8221; custom_padding_tablet=&#8221;0px||0px||false|true&#8221; custom_padding_phone=&#8221;&#8221; custom_padding_last_edited=&#8221;on|tablet&#8221; global_colors_info=&#8221;{}&#8221;][et_pb_image src=&#8221;https:\/\/www.lamadonnina.com\/wp-content\/uploads\/2021\/02\/icon-classica.png&#8221; alt=&#8221;Hotel la Madonnina&#8221; title_text=&#8221;Icon Classica&#8221; _builder_version=&#8221;4.16&#8243; _module_preset=&#8221;default&#8221; max_width=&#8221;70px&#8221; module_alignment=&#8221;right&#8221; animation_style=&#8221;slide&#8221; animation_direction=&#8221;left&#8221; module_alignment_tablet=&#8221;left&#8221; module_alignment_phone=&#8221;&#8221; module_alignment_last_edited=&#8221;on|tablet&#8221; global_colors_info=&#8221;{}&#8221;][\/et_pb_image][\/et_pb_column][et_pb_column type=&#8221;3_5&#8243; _builder_version=&#8221;4.16&#8243; _module_preset=&#8221;default&#8221; background_enable_color=&#8221;off&#8221; background_color_gradient_direction=&#8221;90deg&#8221; custom_padding=&#8221;50px|35px|50px|35px|true|true&#8221; border_width_left=&#8221;1px&#8221; border_color_left=&#8221;#6D6E8C&#8221; border_width_left_tablet=&#8221;0px&#8221; border_width_left_phone=&#8221;&#8221; border_width_left_last_edited=&#8221;on|tablet&#8221; global_colors_info=&#8221;{}&#8221;][et_pb_text content_tablet=&#8221;<\/p>\n<h2 style=%22text-align: left;%22>Mini Suites<\/h2>\n<p>&#8221; content_phone=&#8221;<\/p>\n<h2 style=%22text-align: left;%22>Mini Suites<\/h2>\n<p>&#8221; content_last_edited=&#8221;off|phone&#8221; admin_label=&#8221;Mini Suite&#8221; _builder_version=&#8221;4.16&#8243; _module_preset=&#8221;default&#8221; header_text_color=&#8221;#ffffff&#8221; header_2_text_color=&#8221;#ffffff&#8221; header_3_text_color=&#8221;#ffffff&#8221; module_alignment=&#8221;center&#8221; custom_margin=&#8221;||||false|false&#8221; custom_padding=&#8221;||||false|false&#8221; global_colors_info=&#8221;{}&#8221;]<\/p>\n<h1 style=\"text-align: left;\">Mini Suites<\/h1>\n<p>[\/et_pb_text][et_pb_text _builder_version=&#8221;4.20.0&#8243; _module_preset=&#8221;default&#8221; text_text_color=&#8221;#ffffff&#8221; header_3_text_color=&#8221;#ffffff&#8221; background_enable_color=&#8221;off&#8221; max_width=&#8221;500px&#8221; module_alignment=&#8221;left&#8221; custom_margin=&#8221;||||false|false&#8221; custom_padding=&#8221;20px||20px||false|false&#8221; custom_padding_tablet=&#8221;20px||||false|true&#8221; custom_padding_phone=&#8221;&#8221; custom_padding_last_edited=&#8221;on|desktop&#8221; hover_enabled=&#8221;0&#8243; border_color_left=&#8221;#6D6E8C&#8221; global_colors_info=&#8221;{}&#8221; background__hover_enabled=&#8221;on|desktop&#8221; background_color__hover=&#8221;&#8221; background_enable_color__hover=&#8221;off&#8221; border_width_left__hover_enabled=&#8221;on|hover&#8221; border_color_left__hover_enabled=&#8221;on|hover&#8221; border_color_left__hover=&#8221;#6D6E8C&#8221; sticky_enabled=&#8221;0&#8243;]<\/p>\n<h3>Discover hotel<br \/>la madonnina\u2019s<br \/>mini suites<\/h3>\n<p>[\/et_pb_text][\/et_pb_column][\/et_pb_row][\/et_pb_section][et_pb_section fb_built=&#8221;1&#8243; disabled_on=&#8221;on|on|on&#8221; _builder_version=&#8221;4.18.0&#8243; _module_preset=&#8221;default&#8221; background_color=&#8221;#6D6E8C&#8221; custom_padding=&#8221;35px||35px||false|false&#8221; link_option_url=&#8221;https:\/\/www.tunnelmb.net\/it-IT\/interruzioni-e-previsioni&#8221; link_option_url_new_window=&#8221;on&#8221; sticky_position=&#8221;top&#8221; global_module=&#8221;1862&#8243; saved_tabs=&#8221;all&#8221; locked=&#8221;off&#8221; global_colors_info=&#8221;{}&#8221; background__hover_enabled=&#8221;on|hover&#8221; background_color__hover=&#8221;#4D4E5E&#8221; background_enable_color__hover=&#8221;on&#8221;][et_pb_row _builder_version=&#8221;4.18.0&#8243; _module_preset=&#8221;default&#8221; custom_padding=&#8221;0px||0px||true|&#8221; global_colors_info=&#8221;{}&#8221;][et_pb_column type=&#8221;4_4&#8243; _builder_version=&#8221;4.16&#8243; _module_preset=&#8221;default&#8221; global_colors_info=&#8221;{}&#8221;][et_pb_text _builder_version=&#8221;4.18.0&#8243; _module_preset=&#8221;default&#8221; header_3_text_color=&#8221;#ffffff&#8221; custom_margin=&#8221;||0px||false|false&#8221; global_colors_info=&#8221;{}&#8221;]<\/p>\n<h3 style=\"text-align: center;\">Ferm\u00e9 le Tunnel du Mont Blanc<\/h3>\n<p>[\/et_pb_text][et_pb_text _builder_version=&#8221;4.18.0&#8243; _module_preset=&#8221;default&#8221; text_text_color=&#8221;#ffffff&#8221; header_3_text_color=&#8221;#ffffff&#8221; header_4_text_color=&#8221;#ffffff&#8221; global_colors_info=&#8221;{}&#8221;]<\/p>\n<p style=\"text-align: center;\">Le Tunnel du Mont Blanc sera ferm\u00e9 \u00e0 la circulation <strong>du 17 octobre au 7 novembre<\/strong>.<br \/>\nLa fermeture pour permettre les travaux de reconstruction de la chauss\u00e9e.<\/p>\n<p>[\/et_pb_text][\/et_pb_column][\/et_pb_row][\/et_pb_section][et_pb_section fb_built=&#8221;1&#8243; custom_padding_last_edited=&#8221;on|phone&#8221; module_id=&#8221;back11&#8243; module_class=&#8221;back11&#8243; _builder_version=&#8221;4.16&#8243; _module_preset=&#8221;default&#8221; background_color=&#8221;#464751&#8243; background_color_gradient_direction=&#8221;90deg&#8221; background_image=&#8221;https:\/\/www.lamadonnina.com\/wp-content\/uploads\/2021\/03\/minisuite-del-cuore-2.jpg&#8221; parallax=&#8221;on&#8221; parallax_method=&#8221;off&#8221; custom_padding=&#8221;600px||100px||false|false&#8221; custom_padding_tablet=&#8221;75px||75px||true|false&#8221; custom_padding_phone=&#8221;&#8221; bottom_divider_height=&#8221;120px&#8221; background_color_tablet=&#8221;#4D4E5E&#8221; background_last_edited=&#8221;on|tablet&#8221; background_enable_color_tablet=&#8221;on&#8221; background_enable_image_tablet=&#8221;off&#8221; global_colors_info=&#8221;{}&#8221;][et_pb_row column_structure=&#8221;3_5,2_5&#8243; use_custom_gutter=&#8221;on&#8221; gutter_width=&#8221;1&#8243; make_equal=&#8221;on&#8221; module_id=&#8221;back12&#8243; module_class=&#8221;back12&#8243; _builder_version=&#8221;4.16&#8243; _module_preset=&#8221;default&#8221; width=&#8221;90%&#8221; max_width=&#8221;2560px&#8221; custom_padding=&#8221;0px||0px||true|&#8221; animation_style=&#8221;slide&#8221; animation_direction=&#8221;bottom&#8221; global_colors_info=&#8221;{}&#8221;][et_pb_column type=&#8221;3_5&#8243; _builder_version=&#8221;4.16&#8243; _module_preset=&#8221;default&#8221; background_enable_image=&#8221;off&#8221; custom_padding=&#8221;0px||0px||true|true&#8221; animation_direction=&#8221;right&#8221; global_colors_info=&#8221;{}&#8221;][et_pb_text admin_label=&#8221;Suite con soppalco&#8221; _builder_version=&#8221;4.16&#8243; _module_preset=&#8221;default&#8221; header_text_color=&#8221;#CA906F&#8221; header_2_text_color=&#8221;#EAD1B9&#8243; module_alignment=&#8221;left&#8221; custom_margin=&#8221;||0px||false|false&#8221; global_colors_info=&#8221;{}&#8221; header_2_text_color__hover_enabled=&#8221;off|hover&#8221; header_text_color__hover_enabled=&#8221;on|desktop&#8221; header_text_color__hover=&#8221;#CA906F&#8221;]<\/p>\n<h2 style=\"text-align: left;\">Mini suites with a heart<\/h2>\n<p>[\/et_pb_text][et_pb_text _builder_version=&#8221;4.16&#8243; _module_preset=&#8221;default&#8221; header_text_color=&#8221;#ffffff&#8221; header_2_text_color=&#8221;#ffffff&#8221; header_3_text_color=&#8221;#ffffff&#8221; module_alignment=&#8221;left&#8221; custom_margin=&#8221;||35px||false|false&#8221; border_color_bottom=&#8221;#ce8771&#8243; global_colors_info=&#8221;{}&#8221; custom_margin__hover_enabled=&#8221;off|desktop&#8221;]<\/p>\n<h3 style=\"text-align: left;\">THE COSY AMBIENCE <br \/>CREATED BY AGED TIMBER<\/h3>\n<p>[\/et_pb_text][et_pb_text _builder_version=&#8221;4.16&#8243; _module_preset=&#8221;default&#8221; text_text_color=&#8221;#ffffff&#8221; background_enable_color=&#8221;off&#8221; max_width=&#8221;350px&#8221; module_alignment=&#8221;left&#8221; custom_margin=&#8221;||||false|false&#8221; custom_padding=&#8221;20px|20px|20px|20px|true|true&#8221; border_width_left=&#8221;1px&#8221; border_color_left=&#8221;#EAD1B9&#8243; global_colors_info=&#8221;{}&#8221; background__hover_enabled=&#8221;on|desktop&#8221; background_color__hover=&#8221;&#8221; background_enable_color__hover=&#8221;off&#8221; border_width_left__hover_enabled=&#8221;on|hover&#8221; border_color_left__hover_enabled=&#8221;off|hover&#8221; border_width_left__hover=&#8221;1px&#8221;]<\/p>\n<p>This mini suite is a unique ambience, designed for romantic weekends or an intimate break. <\/p>\n<p>This warm, cosy ambience created by naturally-treated aged timber combines with the spacious bathroom built in a modern style whose main features is a large flame-red, heart-shaped whirlpool bath! Completing the offer: a balcony with a panoramic view, safe, mini-bar and colour TV.<\/p>\n<p>[\/et_pb_text][\/et_pb_column][et_pb_column type=&#8221;2_5&#8243; _builder_version=&#8221;4.16&#8243; _module_preset=&#8221;default&#8221; background_enable_image=&#8221;off&#8221; custom_padding=&#8221;0px||0px||true|true&#8221; animation_direction=&#8221;right&#8221; global_colors_info=&#8221;{}&#8221;][\/et_pb_column][\/et_pb_row][\/et_pb_section][et_pb_section fb_built=&#8221;1&#8243; module_id=&#8221;back13&#8243; module_class=&#8221;back13&#8243; _builder_version=&#8221;4.16&#8243; _module_preset=&#8221;default&#8221; background_enable_color=&#8221;off&#8221; custom_padding=&#8221;0px||0px||false|false&#8221; global_colors_info=&#8221;{}&#8221;][et_pb_row use_custom_gutter=&#8221;on&#8221; gutter_width=&#8221;1&#8243; make_equal=&#8221;on&#8221; module_id=&#8221;back14&#8243; module_class=&#8221;back14&#8243; _builder_version=&#8221;4.16&#8243; _module_preset=&#8221;default&#8221; width=&#8221;100%&#8221; max_width=&#8221;2560px&#8221; custom_padding=&#8221;0px||0px||true|&#8221; global_colors_info=&#8221;{}&#8221;][et_pb_column type=&#8221;4_4&#8243; _builder_version=&#8221;4.16&#8243; _module_preset=&#8221;default&#8221; global_colors_info=&#8221;{}&#8221;][et_pb_gallery gallery_ids=&#8221;1585,1589,1587,1583,1581,1579,1577,1575&#8243; posts_number=&#8221;8&#8243; dbdb_version=&#8221;3.4.3&#8243; show_title_and_caption=&#8221;off&#8221; show_pagination=&#8221;off&#8221; _builder_version=&#8221;4.9.0&#8243; _module_preset=&#8221;default&#8221; module_alignment=&#8221;center&#8221; border_color_all=&#8221;#4D4E5E&#8221; border_width_left=&#8221;0px&#8221; border_color_left=&#8221;#ede187&#8243; db_images_per_row_last_edited=&#8221;on|tablet&#8221;][\/et_pb_gallery][\/et_pb_column][\/et_pb_row][\/et_pb_section][et_pb_section fb_built=&#8221;1&#8243; custom_padding_last_edited=&#8221;on|phone&#8221; module_id=&#8221;back11&#8243; module_class=&#8221;back11&#8243; _builder_version=&#8221;4.16&#8243; _module_preset=&#8221;default&#8221; background_color=&#8221;#464751&#8243; background_color_gradient_direction=&#8221;90deg&#8221; background_image=&#8221;https:\/\/www.lamadonnina.com\/wp-content\/uploads\/2021\/03\/camera-minisuite-classica-la-madonnina-6.jpg&#8221; parallax=&#8221;on&#8221; parallax_method=&#8221;off&#8221; custom_padding=&#8221;600px||100px||false|false&#8221; custom_padding_tablet=&#8221;75px||75px||true|false&#8221; custom_padding_phone=&#8221;&#8221; bottom_divider_height=&#8221;120px&#8221; background_color_tablet=&#8221;#4D4E5E&#8221; background_last_edited=&#8221;on|tablet&#8221; background_enable_color_tablet=&#8221;on&#8221; background_enable_image_tablet=&#8221;off&#8221; global_colors_info=&#8221;{}&#8221;][et_pb_row column_structure=&#8221;2_5,3_5&#8243; use_custom_gutter=&#8221;on&#8221; gutter_width=&#8221;1&#8243; make_equal=&#8221;on&#8221; module_id=&#8221;back12&#8243; module_class=&#8221;back12&#8243; _builder_version=&#8221;4.16&#8243; _module_preset=&#8221;default&#8221; width=&#8221;90%&#8221; max_width=&#8221;2560px&#8221; custom_padding=&#8221;0px||0px||true|&#8221; animation_style=&#8221;slide&#8221; animation_direction=&#8221;bottom&#8221; global_colors_info=&#8221;{}&#8221;][et_pb_column type=&#8221;2_5&#8243; _builder_version=&#8221;4.16&#8243; _module_preset=&#8221;default&#8221; background_enable_image=&#8221;off&#8221; custom_padding=&#8221;0px||0px||true|true&#8221; animation_direction=&#8221;right&#8221; global_colors_info=&#8221;{}&#8221;][\/et_pb_column][et_pb_column type=&#8221;3_5&#8243; _builder_version=&#8221;4.16&#8243; _module_preset=&#8221;default&#8221; background_enable_image=&#8221;off&#8221; custom_padding=&#8221;0px||0px||true|true&#8221; animation_direction=&#8221;right&#8221; global_colors_info=&#8221;{}&#8221;][et_pb_text admin_label=&#8221;Suite con jacuzzi&#8221; _builder_version=&#8221;4.16&#8243; _module_preset=&#8221;default&#8221; header_text_color=&#8221;#CA906F&#8221; header_2_text_color=&#8221;#EAD1B9&#8243; module_alignment=&#8221;left&#8221; custom_margin=&#8221;||0px||false|false&#8221; global_colors_info=&#8221;{}&#8221; header_2_text_color__hover_enabled=&#8221;off|hover&#8221;]<\/p>\n<h2 style=\"text-align: left;\">Mini suite classic<\/h2>\n<p>[\/et_pb_text][et_pb_text _builder_version=&#8221;4.16&#8243; _module_preset=&#8221;default&#8221; header_text_color=&#8221;#ffffff&#8221; header_2_text_color=&#8221;#ffffff&#8221; header_3_text_color=&#8221;#ffffff&#8221; module_alignment=&#8221;left&#8221; custom_margin=&#8221;||35px||false|false&#8221; border_color_bottom=&#8221;#ce8771&#8243; global_colors_info=&#8221;{}&#8221; custom_margin__hover_enabled=&#8221;off|desktop&#8221;]<\/p>\n<h3 style=\"text-align: left;\">FOR YOUR<br \/>IDEAL STAY<\/h3>\n<p>[\/et_pb_text][et_pb_text _builder_version=&#8221;4.16&#8243; _module_preset=&#8221;default&#8221; text_text_color=&#8221;#ffffff&#8221; background_enable_color=&#8221;off&#8221; max_width=&#8221;350px&#8221; module_alignment=&#8221;left&#8221; custom_margin=&#8221;||||false|false&#8221; custom_padding=&#8221;20px|20px|20px|20px|true|true&#8221; border_width_left=&#8221;1px&#8221; border_color_left=&#8221;#EAD1B9&#8243; global_colors_info=&#8221;{}&#8221; background__hover_enabled=&#8221;on|desktop&#8221; background_color__hover=&#8221;&#8221; background_enable_color__hover=&#8221;off&#8221; border_width_left__hover_enabled=&#8221;on|hover&#8221; border_color_left__hover_enabled=&#8221;off|hover&#8221; border_width_left__hover=&#8221;1px&#8221;]<\/p>\n<p>This warm, cosy ambience created by naturally-treated aged timber combines with the spacious bathroom built in a modern style whose main features is a large flame-red, heart-shaped whirlpool bath! Completing the offer: a balcony with a panoramic view, safe, mini-bar and colour TV.<\/p>\n<p>[\/et_pb_text][\/et_pb_column][\/et_pb_row][\/et_pb_section][et_pb_section fb_built=&#8221;1&#8243; module_id=&#8221;back13&#8243; module_class=&#8221;back13&#8243; _builder_version=&#8221;4.16&#8243; _module_preset=&#8221;default&#8221; background_enable_color=&#8221;off&#8221; custom_padding=&#8221;0px||0px||false|false&#8221; global_colors_info=&#8221;{}&#8221;][et_pb_row use_custom_gutter=&#8221;on&#8221; gutter_width=&#8221;1&#8243; make_equal=&#8221;on&#8221; module_id=&#8221;back14&#8243; module_class=&#8221;back14&#8243; _builder_version=&#8221;4.16&#8243; _module_preset=&#8221;default&#8221; width=&#8221;100%&#8221; max_width=&#8221;2560px&#8221; custom_padding=&#8221;0px||0px||true|&#8221; global_colors_info=&#8221;{}&#8221;][et_pb_column type=&#8221;4_4&#8243; _builder_version=&#8221;4.16&#8243; _module_preset=&#8221;default&#8221; global_colors_info=&#8221;{}&#8221;][et_pb_gallery gallery_ids=&#8221;1585,1589,1587,1583,1581,1579,1577,1575&#8243; posts_number=&#8221;8&#8243; dbdb_version=&#8221;3.9.3&#8243; show_title_and_caption=&#8221;off&#8221; show_pagination=&#8221;off&#8221; _builder_version=&#8221;4.16&#8243; _module_preset=&#8221;default&#8221; module_alignment=&#8221;center&#8221; border_color_all=&#8221;#4D4E5E&#8221; border_width_left=&#8221;0px&#8221; border_color_left=&#8221;#ede187&#8243; global_colors_info=&#8221;{}&#8221; db_images_per_row_last_edited=&#8221;on|tablet&#8221;][\/et_pb_gallery][\/et_pb_column][\/et_pb_row][\/et_pb_section][et_pb_section fb_built=&#8221;1&#8243; _builder_version=&#8221;4.16&#8243; _module_preset=&#8221;default&#8221; background_color=&#8221;#424351&#8243; custom_padding=&#8221;50px||50px||true|&#8221; locked=&#8221;off&#8221; global_colors_info=&#8221;{}&#8221;][et_pb_row _builder_version=&#8221;4.16&#8243; _module_preset=&#8221;default&#8221; custom_padding=&#8221;0px||0px||true|&#8221; global_colors_info=&#8221;{}&#8221;][et_pb_column type=&#8221;4_4&#8243; _builder_version=&#8221;4.16&#8243; _module_preset=&#8221;default&#8221; global_colors_info=&#8221;{}&#8221;][et_pb_text _builder_version=&#8221;4.16&#8243; _module_preset=&#8221;default&#8221; text_text_color=&#8221;#ffffff&#8221; global_colors_info=&#8221;{}&#8221;]<\/p>\n<p style=\"text-align: center;\">Mini suites with a panoramic view, safe, mini-bar and colour TV.<\/p>\n<p>[\/et_pb_text][\/et_pb_column][\/et_pb_row][\/et_pb_section]<\/p>\n","protected":false},"excerpt":{"rendered":"<p>Mini SuitesDiscover hotella madonnina\u2019smini suitesFerm\u00e9 le Tunnel du Mont BlancLe Tunnel du Mont Blanc sera ferm\u00e9 \u00e0 la circulation du 17 octobre au 7 novembre. La fermeture pour permettre les travaux de reconstruction de la chauss\u00e9e.Mini suites with a heartTHE COSY AMBIENCE CREATED BY AGED TIMBERThis mini suite is a unique ambience, designed for romantic [&hellip;]<\/p>\n","protected":false},"author":1,"featured_media":0,"parent":0,"menu_order":0,"comment_status":"closed","ping_status":"closed","template":"","meta":{"_et_pb_use_builder":"on","_et_pb_old_content":"","_et_gb_content_width":"","footnotes":""},"class_list":["post-1778","page","type-page","status-publish","hentry"],"yoast_head":"<!-- This site is optimized with the Yoast SEO plugin v26.6 - https:\/\/yoast.com\/wordpress\/plugins\/seo\/ -->\n<title>Mini suites - Hotel la Madonnina<\/title>\n<meta name=\"robots\" content=\"index, follow, max-snippet:-1, max-image-preview:large, max-video-preview:-1\" \/>\n<link rel=\"canonical\" href=\"https:\/\/www.lamadonnina.com\/en\/mini-suites\/\" \/>\n<meta property=\"og:locale\" content=\"en_US\" \/>\n<meta property=\"og:type\" content=\"article\" \/>\n<meta property=\"og:title\" content=\"Mini suites - Hotel la Madonnina\" \/>\n<meta property=\"og:description\" content=\"Mini SuitesDiscover hotella madonnina\u2019smini suitesFerm\u00e9 le Tunnel du Mont BlancLe Tunnel du Mont Blanc sera ferm\u00e9 \u00e0 la circulation du 17 octobre au 7 novembre. La fermeture pour permettre les travaux de reconstruction de la chauss\u00e9e.Mini suites with a heartTHE COSY AMBIENCE CREATED BY AGED TIMBERThis mini suite is a unique ambience, designed for romantic [&hellip;]\" \/>\n<meta property=\"og:url\" content=\"https:\/\/www.lamadonnina.com\/en\/mini-suites\/\" \/>\n<meta property=\"og:site_name\" content=\"Hotel La Madonnina\" \/>\n<meta property=\"article:modified_time\" content=\"2023-10-20T06:26:25+00:00\" \/>\n<meta name=\"twitter:card\" content=\"summary_large_image\" \/>\n<meta name=\"twitter:label1\" content=\"Est. reading time\" \/>\n\t<meta name=\"twitter:data1\" content=\"9 minutes\" \/>\n<script type=\"application\/ld+json\" class=\"yoast-schema-graph\">{\"@context\":\"https:\/\/schema.org\",\"@graph\":[{\"@type\":\"WebPage\",\"@id\":\"https:\/\/www.lamadonnina.com\/en\/mini-suites\/\",\"url\":\"https:\/\/www.lamadonnina.com\/en\/mini-suites\/\",\"name\":\"Mini suites - Hotel la Madonnina\",\"isPartOf\":{\"@id\":\"https:\/\/www.lamadonnina.com\/en\/#website\"},\"datePublished\":\"2021-04-22T11:57:00+00:00\",\"dateModified\":\"2023-10-20T06:26:25+00:00\",\"breadcrumb\":{\"@id\":\"https:\/\/www.lamadonnina.com\/en\/mini-suites\/#breadcrumb\"},\"inLanguage\":\"en-US\",\"potentialAction\":[{\"@type\":\"ReadAction\",\"target\":[\"https:\/\/www.lamadonnina.com\/en\/mini-suites\/\"]}]},{\"@type\":\"BreadcrumbList\",\"@id\":\"https:\/\/www.lamadonnina.com\/en\/mini-suites\/#breadcrumb\",\"itemListElement\":[{\"@type\":\"ListItem\",\"position\":1,\"name\":\"Home\",\"item\":\"https:\/\/www.lamadonnina.com\/en\/\"},{\"@type\":\"ListItem\",\"position\":2,\"name\":\"Mini suites\"}]},{\"@type\":\"WebSite\",\"@id\":\"https:\/\/www.lamadonnina.com\/en\/#website\",\"url\":\"https:\/\/www.lamadonnina.com\/en\/\",\"name\":\"Hotel La Madonnina\",\"description\":\"Cogne\",\"potentialAction\":[{\"@type\":\"SearchAction\",\"target\":{\"@type\":\"EntryPoint\",\"urlTemplate\":\"https:\/\/www.lamadonnina.com\/en\/?s={search_term_string}\"},\"query-input\":{\"@type\":\"PropertyValueSpecification\",\"valueRequired\":true,\"valueName\":\"search_term_string\"}}],\"inLanguage\":\"en-US\"}]}<\/script>\n<!-- \/ Yoast SEO plugin. -->","yoast_head_json":{"title":"Mini suites - Hotel la Madonnina","robots":{"index":"index","follow":"follow","max-snippet":"max-snippet:-1","max-image-preview":"max-image-preview:large","max-video-preview":"max-video-preview:-1"},"canonical":"https:\/\/www.lamadonnina.com\/en\/mini-suites\/","og_locale":"en_US","og_type":"article","og_title":"Mini suites - Hotel la Madonnina","og_description":"Mini SuitesDiscover hotella madonnina\u2019smini suitesFerm\u00e9 le Tunnel du Mont BlancLe Tunnel du Mont Blanc sera ferm\u00e9 \u00e0 la circulation du 17 octobre au 7 novembre. La fermeture pour permettre les travaux de reconstruction de la chauss\u00e9e.Mini suites with a heartTHE COSY AMBIENCE CREATED BY AGED TIMBERThis mini suite is a unique ambience, designed for romantic [&hellip;]","og_url":"https:\/\/www.lamadonnina.com\/en\/mini-suites\/","og_site_name":"Hotel La Madonnina","article_modified_time":"2023-10-20T06:26:25+00:00","twitter_card":"summary_large_image","twitter_misc":{"Est. reading time":"9 minutes"},"schema":{"@context":"https:\/\/schema.org","@graph":[{"@type":"WebPage","@id":"https:\/\/www.lamadonnina.com\/en\/mini-suites\/","url":"https:\/\/www.lamadonnina.com\/en\/mini-suites\/","name":"Mini suites - Hotel la Madonnina","isPartOf":{"@id":"https:\/\/www.lamadonnina.com\/en\/#website"},"datePublished":"2021-04-22T11:57:00+00:00","dateModified":"2023-10-20T06:26:25+00:00","breadcrumb":{"@id":"https:\/\/www.lamadonnina.com\/en\/mini-suites\/#breadcrumb"},"inLanguage":"en-US","potentialAction":[{"@type":"ReadAction","target":["https:\/\/www.lamadonnina.com\/en\/mini-suites\/"]}]},{"@type":"BreadcrumbList","@id":"https:\/\/www.lamadonnina.com\/en\/mini-suites\/#breadcrumb","itemListElement":[{"@type":"ListItem","position":1,"name":"Home","item":"https:\/\/www.lamadonnina.com\/en\/"},{"@type":"ListItem","position":2,"name":"Mini suites"}]},{"@type":"WebSite","@id":"https:\/\/www.lamadonnina.com\/en\/#website","url":"https:\/\/www.lamadonnina.com\/en\/","name":"Hotel La Madonnina","description":"Cogne","potentialAction":[{"@type":"SearchAction","target":{"@type":"EntryPoint","urlTemplate":"https:\/\/www.lamadonnina.com\/en\/?s={search_term_string}"},"query-input":{"@type":"PropertyValueSpecification","valueRequired":true,"valueName":"search_term_string"}}],"inLanguage":"en-US"}]}},"_links":{"self":[{"href":"https:\/\/www.lamadonnina.com\/en\/wp-json\/wp\/v2\/pages\/1778","targetHints":{"allow":["GET"]}}],"collection":[{"href":"https:\/\/www.lamadonnina.com\/en\/wp-json\/wp\/v2\/pages"}],"about":[{"href":"https:\/\/www.lamadonnina.com\/en\/wp-json\/wp\/v2\/types\/page"}],"author":[{"embeddable":true,"href":"https:\/\/www.lamadonnina.com\/en\/wp-json\/wp\/v2\/users\/1"}],"replies":[{"embeddable":true,"href":"https:\/\/www.lamadonnina.com\/en\/wp-json\/wp\/v2\/comments?post=1778"}],"version-history":[{"count":14,"href":"https:\/\/www.lamadonnina.com\/en\/wp-json\/wp\/v2\/pages\/1778\/revisions"}],"predecessor-version":[{"id":2892,"href":"https:\/\/www.lamadonnina.com\/en\/wp-json\/wp\/v2\/pages\/1778\/revisions\/2892"}],"wp:attachment":[{"href":"https:\/\/www.lamadonnina.com\/en\/wp-json\/wp\/v2\/media?parent=1778"}],"curies":[{"name":"wp","href":"https:\/\/api.w.org\/{rel}","templated":true}]}}